{"id":2,"date":"2022-04-25T10:28:43","date_gmt":"2022-04-25T08:28:43","guid":{"rendered":"http:\/\/henrikenaumann.com\/?page_id=2"},"modified":"2026-03-03T14:01:05","modified_gmt":"2026-03-03T13:01:05","slug":"beispiel-seite","status":"publish","type":"page","link":"https:\/\/henrikenaumann.com\/de\/","title":{"rendered":"Startseite"},"content":{"rendered":"\n<p>Henrike Naumann wurde 1984 in Zwickau (DDR) geboren. Sie lebt und arbeitet in Berlin.<br><br>Henrike Naumann reflektiert gesellschaftspolitische Probleme auf der Ebene von Design und Interieur und erkundet das Reibungsverh\u00e4ltnis entgegengesetzter politischer Meinungen im Umgang mit Geschmack und pers\u00f6nlicher Alltags\u00e4sthetik. In ihren immersiven Installationen arrangiert sie M\u00f6bel und Objekte zu szenografischen R\u00e4umen, in welche sie Video- und Soundarbeiten integriert. Ihre Praxis reflektiert die Mechanismen der Radikalisierung und deren Zusammenhang mit pers\u00f6nlicher Erfahrung. Ihre k\u00fcnstlerische Praxis wird von einer Vielzahl von Vortr\u00e4gen und interdisziplin\u00e4ren Kooperationen begleitet, die die Fragestellungen ihrer Arbeit reflektieren.<br><br>Sie wurde mit zahlreichen Preisen ausgezeichnet, darunter das Karl Schmidt-Rottluff Stipendium, der Max-Pechstein-Preis der Stadt Zwickau, der Kunstpreis der Leipziger Volkszeitung sowie das Villa Aurora Stipendium \/ Thomas Mann House, Los Angeles. Wichtige Ausstellungen ihrer Werke fanden unter Anderem im SculptureCenter in New York, im Busch-Reisinger-Museum in Harvard, im MoMA in Warschau, im Haus der Kunst in M\u00fcnchen, im Deutschen Bundestag, sowie im Rahmen der Ghetto Biennale in Haiti und der Kyiv Biennale in der Ukraine statt.<br><br>Henrike Naumann ist Stipendiatin des Berliner Programm K\u00fcnstlerische Forschung 2024\/25. Zum Wintersemester 2026 hat sie den Ruf an die Hochschule f\u00fcr Bildende K\u00fcnste Hamburg f\u00fcr die Professur Bildhauerei angenommen. Momentan recherchiert sie zum Spannungsverh\u00e4ltnis von Kunst und Krieg. Henrike Naumann und Sung Tieu gestalten 2026 den Deutschen Pavillon auf der 61. Kunstbiennale von Venedig.<\/p>\n","protected":false},"excerpt":{"rendered":"<p>Henrike Naumann reflektiert gesellschaftspolitische Probleme auf der Ebene von Design und Interieur und erkundet das Reibungsverh\u00e4ltnis entgegengesetzter politischer Meinungen im Umgang mit Geschmack und pers\u00f6nlicher Alltags\u00e4sthetik.<\/p>\n","protected":false},"author":1,"featured_media":1675,"parent":0,"menu_order":0,"comment_status":"closed","ping_status":"open","template":"","meta":{"_acf_changed":false,"footnotes":""},"class_list":["post-2","page","type-page","status-publish","has-post-thumbnail","hentry"],"acf":[],"_links":{"self":[{"href":"https:\/\/henrikenaumann.com\/de\/wp-json\/wp\/v2\/pages\/2","targetHints":{"allow":["GET"]}}],"collection":[{"href":"https:\/\/henrikenaumann.com\/de\/wp-json\/wp\/v2\/pages"}],"about":[{"href":"https:\/\/henrikenaumann.com\/de\/wp-json\/wp\/v2\/types\/page"}],"author":[{"embeddable":true,"href":"https:\/\/henrikenaumann.com\/de\/wp-json\/wp\/v2\/users\/1"}],"replies":[{"embeddable":true,"href":"https:\/\/henrikenaumann.com\/de\/wp-json\/wp\/v2\/comments?post=2"}],"version-history":[{"count":141,"href":"https:\/\/henrikenaumann.com\/de\/wp-json\/wp\/v2\/pages\/2\/revisions"}],"predecessor-version":[{"id":2493,"href":"https:\/\/henrikenaumann.com\/de\/wp-json\/wp\/v2\/pages\/2\/revisions\/2493"}],"wp:featuredmedia":[{"embeddable":true,"href":"https:\/\/henrikenaumann.com\/de\/wp-json\/wp\/v2\/media\/1675"}],"wp:attachment":[{"href":"https:\/\/henrikenaumann.com\/de\/wp-json\/wp\/v2\/media?parent=2"}],"curies":[{"name":"wp","href":"https:\/\/api.w.org\/{rel}","templated":true}]}}