{"id":2424,"date":"2026-02-26T22:42:51","date_gmt":"2026-02-26T21:42:51","guid":{"rendered":"https:\/\/henrikenaumann.com\/?page_id=2424"},"modified":"2026-03-02T19:21:23","modified_gmt":"2026-03-02T18:21:23","slug":"goodbye","status":"publish","type":"page","link":"https:\/\/henrikenaumann.com\/de\/goodbye\/","title":{"rendered":"Goodbye"},"content":{"rendered":"\n<p>Dies ist ein Ort um Geschichten, Erinnerungen, Danksagungen und Bilder von Henrike zu teilen. Du kannst deinen Beitrag \u00f6ffentlich oder privat teilen. Wenn du ihn \u00f6ffentlich teilst, wird er nach einer Pr\u00fcfung durch unser Team auf dieser Seite zu sehen sein. Wenn du ihn privat teilst, wird er nur Henrikes Familie zug\u00e4nglich gemacht.<\/p>\n\n\n\n<p>Wenn du \u00f6ffentlich teilst, bitte teile nur angemessene Inhalte und versichere dich, dass du den Konsens aller beteiligten oder benannten Personen hast.<\/p>\n","protected":false},"excerpt":{"rendered":"<p>Dies ist ein Ort um Geschichten, Erinnerungen, Danksagungen und Bilder von Henrike zu teilen. Du kannst deinen Beitrag \u00f6ffentlich oder privat teilen. Wenn du ihn \u00f6ffentlich teilst, wird er nach einer Pr\u00fcfung durch unser Team auf dieser Seite zu sehen sein. Wenn du ihn privat teilst, wird er nur Henrikes Familie zug\u00e4nglich gemacht. Wenn du [&hellip;]<\/p>\n","protected":false},"author":1,"featured_media":0,"parent":0,"menu_order":0,"comment_status":"closed","ping_status":"closed","template":"goodbye.php","meta":{"_acf_changed":false,"footnotes":""},"class_list":["post-2424","page","type-page","status-publish","hentry"],"acf":[],"_links":{"self":[{"href":"https:\/\/henrikenaumann.com\/de\/wp-json\/wp\/v2\/pages\/2424","targetHints":{"allow":["GET"]}}],"collection":[{"href":"https:\/\/henrikenaumann.com\/de\/wp-json\/wp\/v2\/pages"}],"about":[{"href":"https:\/\/henrikenaumann.com\/de\/wp-json\/wp\/v2\/types\/page"}],"author":[{"embeddable":true,"href":"https:\/\/henrikenaumann.com\/de\/wp-json\/wp\/v2\/users\/1"}],"replies":[{"embeddable":true,"href":"https:\/\/henrikenaumann.com\/de\/wp-json\/wp\/v2\/comments?post=2424"}],"version-history":[{"count":3,"href":"https:\/\/henrikenaumann.com\/de\/wp-json\/wp\/v2\/pages\/2424\/revisions"}],"predecessor-version":[{"id":2437,"href":"https:\/\/henrikenaumann.com\/de\/wp-json\/wp\/v2\/pages\/2424\/revisions\/2437"}],"wp:attachment":[{"href":"https:\/\/henrikenaumann.com\/de\/wp-json\/wp\/v2\/media?parent=2424"}],"curies":[{"name":"wp","href":"https:\/\/api.w.org\/{rel}","templated":true}]}}