{"id":783,"date":"2022-07-04T13:45:18","date_gmt":"2022-07-04T11:45:18","guid":{"rendered":"https:\/\/henrikenaumann.com\/?page_id=783"},"modified":"2024-07-24T22:04:47","modified_gmt":"2024-07-24T20:04:47","slug":"impressum","status":"publish","type":"page","link":"https:\/\/henrikenaumann.com\/de\/impressum\/","title":{"rendered":"Impressum"},"content":{"rendered":"\n<p>Henrike Naumann<br>Grenzallee 9\u201311<br>12057 Berlin<\/p>\n\n\n\n<p><a href=\"mailto:info@henrikenaumann.com\">info@henrikenaumann.com<\/a><\/p>\n\n\n\n<p>Alle auf dieser Website verwendeten Bilder sind urheberrechtlich gesch\u00fctzt. Alle Rechte liegen bei Henrike Naumann.&nbsp;<\/p>\n\n\n\n<p>Photos &amp; Videos Installationen: Schlemmer Dessau \u2013 Stiftung Bauhaus Dessau, Yvonne Tenschert, Tuan Do Duc, Staatsgalerie Stuttgart. Innere Sicherheit \u2013 Sebastian Eggler. Breathe \u2013 Performance: Olesia Saiienko, Sasha Kovalenko \/ Prodigy 1995: Youtube.com, theprodigyontour.com \/ Iron Maiden 1994: Alex Elena, Milomir\u00a0Kova\u010devi\u0107\u00a0Stra\u0161ni \/ Waiting for Godot Sarajevo 1993: Ahmed Imamovic, Milenko Uherka, Paul Lowe \/ Theweleit Schreibtisch 1987: Klaus Theweleit, Ivano-Frankivsk Drama Theater: Olesia Saienko. Re-Education \u2013 Charles Benton. The Museum of Trance \u2013 Pedro Lasch, Inga Selck, Nik Mantilla, Johannes Honeck. Illiberal Lives \u2013 Mareike Tocha. 2000 \u2013 Alexander Koch, Achim Kukulies, Maksym Bilousov, Raimund Zakowski. DDR Noir \u2013 Eric Tschernow, Foto-Atelier Lorenz. Ruinenwert \u2013 Ulrich Gebert, Moritz Jekat, Motto. Das Reich \u2013 Ladislav Zajac, Johannes Stoll. Triangular Stories \u2013 Stefan Haehnel, Daniel Carsenty, Johannes Stoll, Inga Selck. 14 Words \u2013 Axel Schneider. Anschluss 90 \u2013 Clara Wildberger, Matthias Voelzke, Inga Selck, OH Dancy. Tag X \u2013 Norbert Miguletz, Lutz Knospe. Monotonie des Yeah, Yeah, Yeah \u2013 Ana Laura Rodr\u00edguez Heinlein, The Village. Ostalgie \u2013 Julia Zaharova, Ladislav Zajac. All other photos &amp; videos by Henrike Naumann<br><\/p>\n\n\n\n<p>Haftungshinweis: f\u00fcr die Aktualit\u00e4t und Richtigkeit der Informationen auf dieser Webseite \u00fcbernehme ich trotz st\u00e4ndiger und sorgf\u00e4ltiger Pr\u00fcfung keine Haftung und Garantie. Die Verantwortung f\u00fcr Inhalte verlinkter Seiten liegt ausschlie\u00dflich bei den Betreibern. Dies gilt f\u00fcr alle auf dieser Webseite angebrachten Links.&nbsp;<\/p>\n","protected":false},"excerpt":{"rendered":"<p>Henrike NaumannGrenzallee 9\u20131112057 Berlin info@henrikenaumann.com Alle auf dieser Website verwendeten Bilder sind urheberrechtlich gesch\u00fctzt. Alle Rechte liegen bei Henrike Naumann.&nbsp; Photos &amp; Videos Installationen: Schlemmer Dessau \u2013 Stiftung Bauhaus Dessau, Yvonne Tenschert, Tuan Do Duc, Staatsgalerie Stuttgart. Innere Sicherheit \u2013 Sebastian Eggler. Breathe \u2013 Performance: Olesia Saiienko, Sasha Kovalenko \/ Prodigy 1995: Youtube.com, theprodigyontour.com \/ [&hellip;]<\/p>\n","protected":false},"author":1,"featured_media":0,"parent":0,"menu_order":0,"comment_status":"closed","ping_status":"closed","template":"","meta":{"_acf_changed":false,"footnotes":""},"class_list":["post-783","page","type-page","status-publish","hentry"],"acf":[],"_links":{"self":[{"href":"https:\/\/henrikenaumann.com\/de\/wp-json\/wp\/v2\/pages\/783","targetHints":{"allow":["GET"]}}],"collection":[{"href":"https:\/\/henrikenaumann.com\/de\/wp-json\/wp\/v2\/pages"}],"about":[{"href":"https:\/\/henrikenaumann.com\/de\/wp-json\/wp\/v2\/types\/page"}],"author":[{"embeddable":true,"href":"https:\/\/henrikenaumann.com\/de\/wp-json\/wp\/v2\/users\/1"}],"replies":[{"embeddable":true,"href":"https:\/\/henrikenaumann.com\/de\/wp-json\/wp\/v2\/comments?post=783"}],"version-history":[{"count":8,"href":"https:\/\/henrikenaumann.com\/de\/wp-json\/wp\/v2\/pages\/783\/revisions"}],"predecessor-version":[{"id":2055,"href":"https:\/\/henrikenaumann.com\/de\/wp-json\/wp\/v2\/pages\/783\/revisions\/2055"}],"wp:attachment":[{"href":"https:\/\/henrikenaumann.com\/de\/wp-json\/wp\/v2\/media?parent=783"}],"curies":[{"name":"wp","href":"https:\/\/api.w.org\/{rel}","templated":true}]}}